{"id":4779,"date":"2022-04-25T14:53:53","date_gmt":"2022-04-25T11:53:53","guid":{"rendered":"https:\/\/www.probif.com\/iletisim\/"},"modified":"2023-11-10T12:51:15","modified_gmt":"2023-11-10T09:51:15","slug":"contact","status":"publish","type":"page","link":"https:\/\/www.probif.com\/en\/contact\/","title":{"rendered":"Contact"},"content":{"rendered":"\t\t<div data-elementor-type=\"wp-page\" data-elementor-id=\"4779\" class=\"elementor elementor-4779\">\n\t\t\t\t        <div class=\"elementor-section elementor-top-section elementor-element elementor-element-49614b4 p-tb-20 pt-lg-70 pb-lg-110 elementor-section-boxed elementor-section-height-default elementor-section-height-default cms-remove-row-no cms-section-no-padding-no cms-boxed-bg-false cms-section-boxed-divider-false cms-overlay-gradient-bg-yes cms-overlay-gradient-mode-tb\" data-id=\"49614b4\" data-element_type=\"section\" data-e-type=\"section\">\n\t\t\n\t\t<div class=\"cms-overlay-gradient\"><\/div><div class=\"cms-section-boxed-bg\"><\/div><div class=\"cms-section-boxed-divider\"><\/div><div class=\"cms-elementor-section-remove\"><\/div><div class=\"cms-elementor-section-corner cms-elementor-section-corner-top\"><\/div><div class=\"cms-elementor-section-corner cms-elementor-section-corner-bottom\"><\/div>        <div class=\"elementor-container elementor-column-gap-default \" >\n\t\t            <div class=\"elementor-row\">\n\t\t        <div class=\"elementor-column elementor-col-100 elementor-top-column elementor-element elementor-element-3570711\" data-id=\"3570711\" data-element_type=\"column\" data-e-type=\"column\">\n        <div class=\"elementor-column-wrap elementor-element-populated\">\n                            <div class=\"elementor-widget-wrap\">\n                \t\t<div class=\"elementor-element elementor-element-1cf1904 cms-maps-layout-1 cms-accordion cms-accordion-layout-1 elementor-widget elementor-widget-cms_map\" data-id=\"1cf1904\" data-element_type=\"widget\" data-e-type=\"widget\" data-widget_type=\"cms_map.default\">\n\t\t\t\t<div class=\"elementor-widget-container\">\n\t\t\t\t\t<div class=\"cms-map-wrapper relative cms-map-height d-flex align-items-center mapstart\">\r\n            <iframe frameborder=\"0\" scrolling=\"no\" marginheight=\"0\" marginwidth=\"0\"\r\n            src=\"https:\/\/maps.google.com\/maps?q=%C3%87ifte%20Havuzlar%20Mahallesi%20Eski%20Londra%20Asfalt%C4%B1%20Caddesi%20Kulu%C3%A7ka%20Merkezi%20A1%20Blok%20No%3A151%20%2F%201C%20%2F%20B34%20Esenler%20%2F%20%C4%B0stanbul%20%2F%20Turkey&#038;t=m&#038;z=16&#038;output=embed&#038;iwloc=near\"\r\n            title=\"\u00c7ifte Havuzlar Mahallesi Eski Londra Asfalt\u0131 Caddesi Kulu\u00e7ka Merkezi A1 Blok No:151 \/ 1C \/ B34 Esenler \/ \u0130stanbul \/ Turkey\"\r\n            aria-label=\"\u00c7ifte Havuzlar Mahallesi Eski Londra Asfalt\u0131 Caddesi Kulu\u00e7ka Merkezi A1 Blok No:151 \/ 1C \/ B34 Esenler \/ \u0130stanbul \/ Turkey\"\r\n            class=\"cms-map-iframe cms-map-height absolute w-100\"\r\n        ><\/iframe>    \r\n        <div class=\"container relative z-top\">\r\n        <a href=\"https:\/\/maps.google.com\/maps?q=%C3%87ifte%20Havuzlar%20Mahallesi%20Eski%20Londra%20Asfalt%C4%B1%20Caddesi%20Kulu%C3%A7ka%20Merkezi%20A1%20Blok%20No%3A151%20%2F%201C%20%2F%20B34%20Esenler%20%2F%20%C4%B0stanbul%20%2F%20Turkey&#038;t=m&#038;z=16&#038;iwloc=near\" target=\"_self\" class=\"cms-overlay\"><\/a>\r\n        <div id=\"cms_map-1cf1904\" class=\"cms-accordion cms-shadow-1 bg-white cms-radius-10 overflow-hidden relative z-top\">\r\n                            <div class=\"cms-heading text-white text-20 bg-primary p-lr-40 p-tb-33 cms-radius-10\">\r\n                    Contact Information                <\/div>\r\n                                                <div class=\"cms-accordion-item cms-transition active\" data-target=\"#400d7aa\">\r\n                        <div class=\"cms-ac-title text-heading row gutters-20 justify-content-between\">\r\n                            <span class=\"cms-ac-title-icon col-auto order-last\">\r\n                                                                    <i class=\"cms-ac-title--icon cms-ac-title-icon-close cmsi-plus rtl-flip Array\"><\/i>\r\n                                    <i class=\"cms-ac-title--icon cms-ac-title-icon-open cmsi-minus rtl-flip Array\"><\/i>\r\n                                                            <\/span>\r\n                            <a class=\"cms-ac-title-text text-primary text-17 font-700 col\">Istanbul Office<\/a>\r\n                        <\/div>\r\n                        <div id=\"400d7aa\" class=\"cms-ac-content\" style=\"display:block;\">E-mail: info@www.probif.com<br \/>\nAddress: \u00c7ifte Havuzlar Mahallesi Eski Londra Asfalt\u0131 Caddesi Kulu\u00e7ka Merkezi A1 Blok No:151 \/ 1C \/ B34 Esenler \/ \u0130stanbul \/ Turkey<br \/>\n<\/div>\r\n                    <\/div>\r\n                        <\/div>\r\n    <\/div>\r\n<\/div>\t\t\t\t<\/div>\n\t\t\t\t<\/div>\n\t\t            <\/div>\n                <\/div>\n        <\/div>\n        \t\t            <\/div>\n\t\t        <\/div>\n        <\/div>\n\t\t        <div class=\"elementor-section elementor-top-section elementor-element elementor-element-f2e291d elementor-section-full_width elementor-hidden-desktop elementor-hidden-laptop elementor-hidden-tablet elementor-section-height-default elementor-section-height-default cms-remove-row-no cms-section-no-padding-no cms-full-content-with-space-none cms-boxed-bg-false cms-section-boxed-divider-false cms-overlay-gradient-bg-yes cms-overlay-gradient-mode-tb\" data-id=\"f2e291d\" data-element_type=\"section\" data-e-type=\"section\" data-settings=\"{&quot;shape_divider_bottom&quot;:&quot;curve&quot;}\">\n\t\t        <div class=\"elementor-shape elementor-shape-bottom\" data-negative=\"false\">\n\t\t\t<svg xmlns=\"http:\/\/www.w3.org\/2000\/svg\" viewBox=\"0 0 1000 100\" preserveAspectRatio=\"none\">\n    <path class=\"elementor-shape-fill\" d=\"M1000,4.3V0H0v4.3C0.9,23.1,126.7,99.2,500,100S1000,22.7,1000,4.3z\"\/>\n<\/svg>        <\/div>\n\t\t\n\t\t<div class=\"cms-overlay-gradient\"><\/div><div class=\"cms-section-boxed-bg\"><\/div><div class=\"cms-section-boxed-divider\"><\/div><div class=\"cms-elementor-section-remove\"><\/div><div class=\"cms-elementor-section-corner cms-elementor-section-corner-top\"><\/div><div class=\"cms-elementor-section-corner cms-elementor-section-corner-bottom\"><\/div>        <div class=\"elementor-container elementor-column-gap-no \" >\n\t\t            <div class=\"elementor-row\">\n\t\t        <div class=\"elementor-column elementor-col-100 elementor-top-column elementor-element elementor-element-33ce858\" data-id=\"33ce858\" data-element_type=\"column\" data-e-type=\"column\">\n        <div class=\"elementor-column-wrap elementor-element-populated\">\n                            <div class=\"elementor-widget-wrap\">\n                \t\t<div class=\"elementor-element elementor-element-ddd6574 cms-cf7-layout-2 cms-form-textarea-height-Array cms-form-field-height-Array elementor-widget elementor-widget-cms_ctf7\" data-id=\"ddd6574\" data-element_type=\"widget\" data-e-type=\"widget\" data-widget_type=\"cms_ctf7.default\">\n\t\t\t\t<div class=\"elementor-widget-container\">\n\t\t\t\t\t                <div class=\"cms-posts-heading row gutters-grid pb-45\">\r\n                    <div class=\"col-lg-6 empty-none\">    <h2 class=\"cms-mainheading cms-heading mt-n5 text-24 text-md-37 text-lg-40 lh-1\/454  text-heading empty-none\">Contact Form<\/h2>\r\n    <div class=\"extra-space clearfix\"> <\/div>\r\n<\/div>\r\n                    <div class=\"col-lg-6 empty-none\"><\/div>\r\n                <\/div>\r\n            <div class=\"cms-cf7 relative cms-shadow-\">\r\n    <div class=\"cms-cf7-inner row gutters-grid \">\r\n        <div class=\"cms-banner col-lg-4\">\r\n            <div class=\"cms-cf7-banner-inner pr-xl-70\">\r\n                    <div class=\"cms-form-desc text-17 mb-25 mt-n5  text-body empty-none\">Probif, which includes a fortified version of Bifidobacterium that destroys the microplastics in the intestine and is a mixture of 2 products with 3 elements (E3) (Prebiotic-Booster Probiotic Bifidobacterium-Postbiotic), helps to regulate your digestive system and supports your immune system.<br>\n<br>\nYou can send us your questions about Probif via the form.<\/div>\r\n    <div class=\"extra-space clearfix\"> <\/div>\r\n            <\/div>\r\n        <\/div>\r\n        <div class=\"col-lg-8\"><div role=\"form\" class=\"wpcf7\" id=\"wpcf7-f4785-o1\" lang=\"en-US\" dir=\"ltr\">\n<div class=\"screen-reader-response\"><p role=\"status\" aria-live=\"polite\" aria-atomic=\"true\"><\/p> <ul><\/ul><\/div>\n<form action=\"\/en\/wp-json\/wp\/v2\/pages\/4779#wpcf7-f4785-o1\" method=\"post\" class=\"wpcf7-form init\" novalidate=\"novalidate\" data-status=\"init\">\n<div style=\"display: none;\">\n<input type=\"hidden\" name=\"_wpcf7\" value=\"4785\" \/>\n<input type=\"hidden\" name=\"_wpcf7_version\" value=\"5.6.4\" \/>\n<input type=\"hidden\" name=\"_wpcf7_locale\" value=\"en_US\" \/>\n<input type=\"hidden\" name=\"_wpcf7_unit_tag\" value=\"wpcf7-f4785-o1\" \/>\n<input type=\"hidden\" name=\"_wpcf7_container_post\" value=\"0\" \/>\n<input type=\"hidden\" name=\"_wpcf7_posted_data_hash\" value=\"\" \/>\n<\/div>\n<div class=\"row gutters-30 gutters-grid\">\n<div class=\"col-lg-4\"><span class=\"wpcf7-form-control-wrap\" data-name=\"your-name\"><input type=\"text\" name=\"your-name\" value=\"\" size=\"40\" class=\"wpcf7-form-control wpcf7-text wpcf7-validates-as-required\" aria-required=\"true\" aria-invalid=\"false\" placeholder=\"Ad Soyad\" \/><\/span><\/div>\n<div class=\"col-lg-4\"><span class=\"wpcf7-form-control-wrap\" data-name=\"your-email\"><input type=\"email\" name=\"your-email\" value=\"\" size=\"40\" class=\"wpcf7-form-control wpcf7-text wpcf7-email wpcf7-validates-as-required wpcf7-validates-as-email\" aria-required=\"true\" aria-invalid=\"false\" placeholder=\"E-mail\" \/><\/span><\/div>\n<div class=\"col-lg-4\"><span class=\"wpcf7-form-control-wrap\" data-name=\"phone\"><input type=\"tel\" name=\"phone\" value=\"\" size=\"40\" class=\"wpcf7-form-control wpcf7-text wpcf7-tel wpcf7-validates-as-required wpcf7-validates-as-tel\" aria-required=\"true\" aria-invalid=\"false\" placeholder=\"Telefon Numaras\u0131\" \/><\/span><\/div>\n<div class=\"col-12\"><span class=\"wpcf7-form-control-wrap\" data-name=\"your-message\"><textarea name=\"your-message\" cols=\"40\" rows=\"10\" class=\"wpcf7-form-control wpcf7-textarea\" aria-invalid=\"false\" placeholder=\"Mesaj\u0131n\u0131z\"><\/textarea><\/span><\/div>\n<p><span class=\"wpcf7-form-control-wrap\" data-name=\"term_and_conditions\"><span class=\"wpcf7-form-control wpcf7-acceptance\"><span class=\"wpcf7-list-item\"><label><input type=\"checkbox\" name=\"term_and_conditions\" value=\"1\" aria-invalid=\"false\" class=\"required\" \/><span class=\"wpcf7-list-item-label\"><a href=\"https:\/\/www.probif.com\/wp-content\/uploads\/2024\/02\/B-03-KVKK-Aydinlatma-Metni.pdf\">KVKK Ayd\u0131nlatma Metni'ni<\/a> okudum anlad\u0131m ve kabul ediyorum.<\/span><\/label><\/span><\/span><\/span><\/p>\n<div class=\"col-12 mt-10\"><div class=\"cms-submit\"><button type=\"submit\" class=\"wpcf7-form-control wpcf7-submit btn btn-fill btn-accent text-white btn-hover-primary text-hover-white btn-lg w-100\"><span class=\"cms-btn-content justify-content-center\"><span class=\"wpcf7-submit-icon cms-btn-icon cmsi-arrow-right\"><\/span><span class=\"cms-btn-text\">&lt;br&gt;<\/span><\/span><\/button><\/div><\/div>\n<\/div>\n<div class=\"wpcf7-response-output\" aria-hidden=\"true\"><\/div><\/form><\/div><\/div>\r\n            <\/div>\r\n<\/div>\t\t\t\t<\/div>\n\t\t\t\t<\/div>\n\t\t            <\/div>\n                <\/div>\n        <\/div>\n        \t\t            <\/div>\n\t\t        <\/div>\n        <\/div>\n\t\t\t\t<\/div>\n\t\t","protected":false},"excerpt":{"rendered":"<p>Contact Information Istanbul Office E-mail: info@www.probif.com Address: \u00c7ifte Havuzlar Mahallesi Eski Londra Asfalt\u0131 Caddesi Kulu\u00e7ka Merkezi A1 Blok No:151 \/ 1C \/ B34 Esenler \/ \u0130stanbul \/ Turkey Contact Form Probif, which includes a fortified version of Bifidobacterium that destroys the microplastics in the intestine and is a mixture of 2 products with 3 elements (E3) (Prebiotic-Booster Probiotic Bifidobacterium-Postbiotic), helps to regulate your digestive system and supports your immune system. You can send us your questions about Probif via the form. Sent<\/p>\n","protected":false},"author":1,"featured_media":0,"parent":0,"menu_order":18,"comment_status":"closed","ping_status":"closed","template":"","meta":{"footnotes":""},"class_list":["post-4779","page","type-page","status-publish","hentry","cms-no-post-thumbnail"],"_links":{"self":[{"href":"https:\/\/www.probif.com\/en\/wp-json\/wp\/v2\/pages\/4779","targetHints":{"allow":["GET"]}}],"collection":[{"href":"https:\/\/www.probif.com\/en\/wp-json\/wp\/v2\/pages"}],"about":[{"href":"https:\/\/www.probif.com\/en\/wp-json\/wp\/v2\/types\/page"}],"author":[{"embeddable":true,"href":"https:\/\/www.probif.com\/en\/wp-json\/wp\/v2\/users\/1"}],"replies":[{"embeddable":true,"href":"https:\/\/www.probif.com\/en\/wp-json\/wp\/v2\/comments?post=4779"}],"version-history":[{"count":10,"href":"https:\/\/www.probif.com\/en\/wp-json\/wp\/v2\/pages\/4779\/revisions"}],"predecessor-version":[{"id":5221,"href":"https:\/\/www.probif.com\/en\/wp-json\/wp\/v2\/pages\/4779\/revisions\/5221"}],"wp:attachment":[{"href":"https:\/\/www.probif.com\/en\/wp-json\/wp\/v2\/media?parent=4779"}],"curies":[{"name":"wp","href":"https:\/\/api.w.org\/{rel}","templated":true}]}}