{"id":4809,"date":"2022-09-30T12:26:50","date_gmt":"2022-09-30T09:26:50","guid":{"rendered":"https:\/\/www.probif.com\/benefits-of-probif\/uriner-enfeksiyonlar-icin\/"},"modified":"2022-10-20T14:17:42","modified_gmt":"2022-10-20T11:17:42","slug":"uriner-enfeksiyonlar-icin","status":"publish","type":"page","link":"https:\/\/www.probif.com\/en\/benefits-of-probif\/uriner-enfeksiyonlar-icin\/","title":{"rendered":"\u00dcriner Enfeksiyonlar \u0130\u00e7in"},"content":{"rendered":"\t\t<div data-elementor-type=\"wp-page\" data-elementor-id=\"4809\" class=\"elementor elementor-4809\">\n\t\t\t\t\t\t\t        <div class=\"elementor-section elementor-top-section elementor-element elementor-element-264b9d8 p-tb-40 p-tb-lg-90 elementor-section-boxed elementor-section-height-default elementor-section-height-default cms-remove-row-no cms-section-no-padding-no cms-overlay-gradient-bg-yes cms-overlay-gradient-mode-tb\" data-id=\"264b9d8\" data-element_type=\"section\">\n\t\t\n\t\t<div class=\"cms-overlay-gradient\"><\/div><div class=\"cms-section-boxed-bg\"><\/div><div class=\"cms-section-boxed-divider\"><\/div><div class=\"cms-elementor-section-remove\"><\/div><div class=\"cms-elementor-section-corner cms-elementor-section-corner-top\"><\/div><div class=\"cms-elementor-section-corner cms-elementor-section-corner-bottom\"><\/div>        <div class=\"elementor-container elementor-column-gap-default \" >\n\t\t        <div class=\"elementor-column elementor-col-66 elementor-top-column elementor-element elementor-element-d15f2cc\" data-id=\"d15f2cc\" data-element_type=\"column\">\n        <div class=\"elementor-widget-wrap elementor-element-populated\">\n                        \t\t<div class=\"elementor-element elementor-element-1e95e04 cms-heading-layout-1 elementor-widget elementor-widget-cms_heading\" data-id=\"1e95e04\" data-element_type=\"widget\" data-widget_type=\"cms_heading.default\">\n\t\t\t\t<div class=\"elementor-widget-container\">\n\t\t\t<div class=\"cms-heading-wrapper text-\">\r\n        <h3 class=\"cms-mainheading heading mt-n5 text-lg-40 lh-1\/375 pb-30  text-heading empty-none\">\u00dcriner Enfeksiyonlar \u0130\u00e7in<\/h3>\r\n    <div class=\"extra-space clearfix\"> <\/div>\r\n    <div class=\"empty-none relative cms-heading-desc row\">        <div aria-hidden=\"true\" class=\"cms-icon text-70 text-accent col-12 col-md-auto mb-30 fas fa-pills\" style=\"\"><\/div>                <div class=\"cms-content-desc  col\">\r\n            <div class=\"cms-content-desc-inner relative\">    <div class=\"cms-desc text-16  text-body empty-none\">Ba\u011f\u0131rsak bakteri flora bozuklu\u011fu ile ili\u015fkili prostatit, \u00fcriner sistem enfeksiyonlar, infertilide etkili destek tedavisi.<\/div>\r\n    <div class=\"extra-space clearfix\"> <\/div>\r\n<\/div>\r\n                                    <div class=\"cms-heading-buttons row gutters-30 gutters-grid align-items-center pt-40 empty-none\"><\/div>\r\n        <\/div>\r\n    <\/div>\r\n<\/div>\t\t<\/div>\n\t\t\t\t<\/div>\n\t\t\t\t<div class=\"elementor-element elementor-element-22431c3 elementor-widget elementor-widget-image\" data-id=\"22431c3\" data-element_type=\"widget\" data-widget_type=\"image.default\">\n\t\t\t\t<div class=\"elementor-widget-container\">\n\t\t\t<style>\/*! elementor - v3.17.0 - 08-11-2023 *\/\n.elementor-widget-image{text-align:center}.elementor-widget-image a{display:inline-block}.elementor-widget-image a img[src$=\".svg\"]{width:48px}.elementor-widget-image img{vertical-align:middle;display:inline-block}<\/style>\t\t\t\t\t\t\t\t\t\t\t\t<img decoding=\"async\" src=\"https:\/\/www.probif.com\/wp-content\/uploads\/2022\/09\/Probif-mockup-6.jpg\" title=\"\" alt=\"\" loading=\"lazy\" \/>\t\t\t\t\t\t\t\t\t\t\t\t\t\t\t<\/div>\n\t\t\t\t<\/div>\n\t\t        <\/div>\n        <\/div>\n                <div class=\"elementor-column elementor-col-33 elementor-top-column elementor-element elementor-element-7abdc8f order-lg-first pr-xl-30\" data-id=\"7abdc8f\" data-element_type=\"column\">\n        <div class=\"elementor-widget-wrap elementor-element-populated\">\n                        \t\t<div class=\"elementor-element elementor-element-ba06e1a cms-menu-layout-3 elementor-widget elementor-widget-cms_menu\" data-id=\"ba06e1a\" data-element_type=\"widget\" data-widget_type=\"cms_menu.default\">\n\t\t\t\t<div class=\"elementor-widget-container\">\n\t\t\t<div class=\"cms-menu-wraps p-tb-50 p-lr-20 p-lr-lg-30 p-lr-xl-50 cms-shadow-1 bg-white cms-divider divider-bottom divider-accent cms-radius-10 relative\">\n\t    <h3 class=\"cms-largeheading cms-heading text-20 mt-n5 mb-20  text-heading empty-none\"><a class=\"menu-heading\" href=\"\">Probif'in Faydalar\u0131<\/a><\/h3>\r\n    <div class=\"extra-space clearfix\"> <\/div>\r\n<div class=\"menu-benefits-of-probif-container\"><ul id=\"menu-benefits-of-probif\" class=\"cms-menu cms-menu-ver font-700\"><li id=\"menu-item-4895\" class=\"menu-item menu-item-type-post_type menu-item-object-page menu-item-4895\"><a href=\"https:\/\/www.probif.com\/en\/benefits-of-probif\/against-microplastics\/\" class=\"cms-menu-link link-white link-hover-white bg-primary bg-hover-accent cms-transition d-block menu-icon-first\"><span class=\"menu-title\"><span class=\"menu-title title\">Against Microplastics<\/span><\/span><span class=\"menu-icon rtl-flip text-10 order-first pr-10\">        <span aria-hidden=\"true\" class=\"cms-icon cmsi-arrow-right\" style=\"\"><\/span>        <\/span><\/a><\/li>\n<li id=\"menu-item-4896\" class=\"menu-item menu-item-type-post_type menu-item-object-page menu-item-4896\"><a href=\"https:\/\/www.probif.com\/en\/benefits-of-probif\/algae-cell-wall\/\" class=\"cms-menu-link link-white link-hover-white bg-primary bg-hover-accent cms-transition d-block menu-icon-first\"><span class=\"menu-title\"><span class=\"menu-title title\">Algae Cell Wall<\/span><\/span><span class=\"menu-icon rtl-flip text-10 order-first pr-10\">        <span aria-hidden=\"true\" class=\"cms-icon cmsi-arrow-right\" style=\"\"><\/span>        <\/span><\/a><\/li>\n<li id=\"menu-item-4897\" class=\"menu-item menu-item-type-post_type menu-item-object-page menu-item-4897\"><a href=\"https:\/\/www.probif.com\/en\/benefits-of-probif\/abdominal-surgery\/\" class=\"cms-menu-link link-white link-hover-white bg-primary bg-hover-accent cms-transition d-block menu-icon-first\"><span class=\"menu-title\"><span class=\"menu-title title\">Abdominal Surgery<\/span><\/span><span class=\"menu-icon rtl-flip text-10 order-first pr-10\">        <span aria-hidden=\"true\" class=\"cms-icon cmsi-arrow-right\" style=\"\"><\/span>        <\/span><\/a><\/li>\n<li id=\"menu-item-4898\" class=\"menu-item menu-item-type-post_type menu-item-object-page menu-item-4898\"><a href=\"https:\/\/www.probif.com\/en\/benefits-of-probif\/during-chemotherapy\/\" class=\"cms-menu-link link-white link-hover-white bg-primary bg-hover-accent cms-transition d-block menu-icon-first\"><span class=\"menu-title\"><span class=\"menu-title title\">During Chemotherapy<\/span><\/span><span class=\"menu-icon rtl-flip text-10 order-first pr-10\">        <span aria-hidden=\"true\" class=\"cms-icon cmsi-arrow-right\" style=\"\"><\/span>        <\/span><\/a><\/li>\n<li id=\"menu-item-4899\" class=\"menu-item menu-item-type-post_type menu-item-object-page menu-item-4899\"><a href=\"https:\/\/www.probif.com\/en\/benefits-of-probif\/uriner-enfeksiyonlar-icin\/\" class=\"cms-menu-link link-white link-hover-white bg-primary bg-hover-accent cms-transition d-block menu-icon-first\"><span class=\"menu-title\"><span class=\"menu-title title\">\u00dcriner Enfeksiyonlar \u0130\u00e7in<\/span><\/span><span class=\"menu-icon rtl-flip text-10 order-first pr-10\">        <span aria-hidden=\"true\" class=\"cms-icon cmsi-arrow-right\" style=\"\"><\/span>        <\/span><\/a><\/li>\n<li id=\"menu-item-4900\" class=\"menu-item menu-item-type-post_type menu-item-object-page menu-item-4900\"><a href=\"https:\/\/www.probif.com\/en\/benefits-of-probif\/for-birth-disorders\/\" class=\"cms-menu-link link-white link-hover-white bg-primary bg-hover-accent cms-transition d-block menu-icon-first\"><span class=\"menu-title\"><span class=\"menu-title title\">For Birth Disorders<\/span><\/span><span class=\"menu-icon rtl-flip text-10 order-first pr-10\">        <span aria-hidden=\"true\" class=\"cms-icon cmsi-arrow-right\" style=\"\"><\/span>        <\/span><\/a><\/li>\n<li id=\"menu-item-4901\" class=\"menu-item menu-item-type-post_type menu-item-object-page menu-item-4901\"><a href=\"https:\/\/www.probif.com\/en\/benefits-of-probif\/immune-booster\/\" class=\"cms-menu-link link-white link-hover-white bg-primary bg-hover-accent cms-transition d-block menu-icon-first\"><span class=\"menu-title\"><span class=\"menu-title title\">Immune Booster<\/span><\/span><span class=\"menu-icon rtl-flip text-10 order-first pr-10\">        <span aria-hidden=\"true\" class=\"cms-icon cmsi-arrow-right\" style=\"\"><\/span>        <\/span><\/a><\/li>\n<li id=\"menu-item-4902\" class=\"menu-item menu-item-type-post_type menu-item-object-page menu-item-4902\"><a href=\"https:\/\/www.probif.com\/en\/benefits-of-probif\/psychobiotic\/\" class=\"cms-menu-link link-white link-hover-white bg-primary bg-hover-accent cms-transition d-block menu-icon-first\"><span class=\"menu-title\"><span class=\"menu-title title\">Psychobiotic<\/span><\/span><span class=\"menu-icon rtl-flip text-10 order-first pr-10\">        <span aria-hidden=\"true\" class=\"cms-icon cmsi-arrow-right\" style=\"\"><\/span>        <\/span><\/a><\/li>\n<li id=\"menu-item-4903\" class=\"menu-item menu-item-type-post_type menu-item-object-page menu-item-4903\"><a href=\"https:\/\/www.probif.com\/en\/benefits-of-probif\/antivirus\/\" class=\"cms-menu-link link-white link-hover-white bg-primary bg-hover-accent cms-transition d-block menu-icon-first\"><span class=\"menu-title\"><span class=\"menu-title title\">Antivirus<\/span><\/span><span class=\"menu-icon rtl-flip text-10 order-first pr-10\">        <span aria-hidden=\"true\" class=\"cms-icon cmsi-arrow-right\" style=\"\"><\/span>        <\/span><\/a><\/li>\n<li id=\"menu-item-4904\" class=\"menu-item menu-item-type-post_type menu-item-object-page menu-item-4904\"><a href=\"https:\/\/www.probif.com\/en\/benefits-of-probif\/intestinal-protectant\/\" class=\"cms-menu-link link-white link-hover-white bg-primary bg-hover-accent cms-transition d-block menu-icon-first\"><span class=\"menu-title\"><span class=\"menu-title title\">Intestinal Protectant<\/span><\/span><span class=\"menu-icon rtl-flip text-10 order-first pr-10\">        <span aria-hidden=\"true\" class=\"cms-icon cmsi-arrow-right\" style=\"\"><\/span>        <\/span><\/a><\/li>\n<\/ul><\/div><\/div>\t\t<\/div>\n\t\t\t\t<\/div>\n\t\t\t\t<div class=\"elementor-element elementor-element-2318b7c cms-fancyboxs cms-fancybox-layout-7 elementor-widget elementor-widget-cms_fancy_box\" data-id=\"2318b7c\" data-element_type=\"widget\" data-widget_type=\"cms_fancy_box.default\">\n\t\t\t\t<div class=\"elementor-widget-container\">\n\t\t\t<div class=\"cms-fancybox-wrap bg-accent cms-shadow- text-start cms-radius-10 overflow-hidden\">\r\n    <div class=\"cms-fancybox p-tb-50 p-lr-20 p-lr-lg-30 p-lr-xl-50 relative overflow-hidden\">\r\n        <div class=\"cms-fancy-banner cms-overlay\"><img decoding=\"async\" class=\"default-thumb cms-fancy-img cms-img\" src=\"https:\/\/www.probif.com\/wp-content\/themes\/chemlabs\/assets\/images\/placeholder\/no-image-570x540.jpg\" width=\"570\" height=\"540\" alt=\"Probif\" \/><div class=\"cms-overlay cms-gradient-accent\"><\/div><\/div>        <div class=\"cms-fancybox-inner row gutters-30 gutters-grid\">\r\n                        <div class=\"cms-fancybox-content col\">\r\n                    <h4 class=\"cms-mainheading cms-heading mt-n5 text-22 lh-1\/5  text-white empty-none\">Probif \u0130le \u0130\u00e7iniz Rahat Olsun<\/h4>\r\n    <div class=\"extra-space clearfix\"> <\/div>\r\n    <div class=\"cms-desc text-16 mt-26  text-white empty-none\">Ba\u011f\u0131rsa\u011f\u0131n\u0131z 'Huzurum Kalmad\u0131!' m\u0131 diyor?<\/div>\r\n    <div class=\"extra-space clearfix\"> <\/div>\r\n        <div class=\"cms-btn-wraps mt-100 text-\" >\r\n                <a href=\"https:\/\/www.probif.com\/iletisim\/\" class=\"btn btn-fill btn-white text-primary btn-hover-fill btn-hover-primary text-hover-white btn-lg\">\r\n                <span class=\"cms-btn-content cms-btn-content-btnlink justify-content-center\">\r\n                                                    <span aria-hidden=\"true\" class=\"cms-icon cms-btn-icon order-first text-10 icon-outline-no rtl-flip cmsi-arrow-right\" style=\"\"><\/span>                                                <span class=\"cms-btn-text text-center\">\u0130leti\u015fim \u0130\u00e7in T\u0131klay\u0131n\u0131z<\/span>\r\n                                    <\/span>\r\n            <\/a>\r\n                <\/div>\r\n                <\/div>\r\n        <\/div>\r\n    <\/div>\r\n<\/div>\t\t<\/div>\n\t\t\t\t<\/div>\n\t\t        <\/div>\n        <\/div>\n        \t\t        <\/div>\n        <\/div>\n\t\t\t\t\t\t\t<\/div>\n\t\t","protected":false},"excerpt":{"rendered":"<p>\u00dcriner Enfeksiyonlar \u0130\u00e7in Ba\u011f\u0131rsak bakteri flora bozuklu\u011fu ile ili\u015fkili prostatit, \u00fcriner sistem enfeksiyonlar, infertilide etkili destek tedavisi. Probif&#8217;in Faydalar\u0131 Ba\u011f\u0131rsak Koruyucu Ba\u011f\u0131\u015f\u0131kl\u0131k G\u00fc\u00e7lendirici Do\u011fum Rahats\u0131zl\u0131klar\u0131 \u0130\u00e7in Kar\u0131n B\u00f6lgesi Cerrahisi Kemoterapiye Destek Mikroplastiklere Kar\u015f\u0131 Psikobiyotik \u00d6zellikli \u00dcriner Enfeksiyonlar \u0130\u00e7in Vir\u00fcsten Koruyucu Yosun H\u00fccre Duvar\u0131 Probif \u0130le \u0130\u00e7iniz Rahat Olsun Ba\u011f\u0131rsa\u011f\u0131n\u0131z &#8216;Huzurum Kalmad\u0131!&#8217; m\u0131 diyor? \u0130leti\u015fim \u0130\u00e7in T\u0131klay\u0131n\u0131z<\/p>\n","protected":false},"author":1,"featured_media":0,"parent":4762,"menu_order":0,"comment_status":"closed","ping_status":"closed","template":"","meta":{"footnotes":""},"class_list":["post-4809","page","type-page","status-publish","hentry","cms-no-post-thumbnail"],"_links":{"self":[{"href":"https:\/\/www.probif.com\/en\/wp-json\/wp\/v2\/pages\/4809","targetHints":{"allow":["GET"]}}],"collection":[{"href":"https:\/\/www.probif.com\/en\/wp-json\/wp\/v2\/pages"}],"about":[{"href":"https:\/\/www.probif.com\/en\/wp-json\/wp\/v2\/types\/page"}],"author":[{"embeddable":true,"href":"https:\/\/www.probif.com\/en\/wp-json\/wp\/v2\/users\/1"}],"replies":[{"embeddable":true,"href":"https:\/\/www.probif.com\/en\/wp-json\/wp\/v2\/comments?post=4809"}],"version-history":[{"count":11,"href":"https:\/\/www.probif.com\/en\/wp-json\/wp\/v2\/pages\/4809\/revisions"}],"predecessor-version":[{"id":5026,"href":"https:\/\/www.probif.com\/en\/wp-json\/wp\/v2\/pages\/4809\/revisions\/5026"}],"up":[{"embeddable":true,"href":"https:\/\/www.probif.com\/en\/wp-json\/wp\/v2\/pages\/4762"}],"wp:attachment":[{"href":"https:\/\/www.probif.com\/en\/wp-json\/wp\/v2\/media?parent=4809"}],"curies":[{"name":"wp","href":"https:\/\/api.w.org\/{rel}","templated":true}]}}